{"id":913,"date":"2019-09-24T17:15:50","date_gmt":"2019-09-24T15:15:50","guid":{"rendered":"https:\/\/roteruebenpasing.wordpress.com\/?page_id=2"},"modified":"2025-10-11T19:04:53","modified_gmt":"2025-10-11T19:04:53","slug":"home","status":"publish","type":"page","link":"https:\/\/rote-rueben.de\/home\/","title":{"rendered":"Hallo bei den Roten R\u00fcben"},"content":{"rendered":"\n<figure class=\"wp-block-image size-large is-style-default\"><img loading=\"lazy\" decoding=\"async\" width=\"2144\" height=\"1206\" src=\"http:\/\/rote-rueben.de\/wp-content\/uploads\/2025\/08\/dsc8223-1-edited.jpg\" alt=\"\" class=\"wp-image-958\" srcset=\"https:\/\/rote-rueben.de\/wp-content\/uploads\/2025\/08\/dsc8223-1-edited.jpg 2144w, https:\/\/rote-rueben.de\/wp-content\/uploads\/2025\/08\/dsc8223-1-edited-300x169.jpg 300w, https:\/\/rote-rueben.de\/wp-content\/uploads\/2025\/08\/dsc8223-1-edited-1024x576.jpg 1024w, https:\/\/rote-rueben.de\/wp-content\/uploads\/2025\/08\/dsc8223-1-edited-768x432.jpg 768w, https:\/\/rote-rueben.de\/wp-content\/uploads\/2025\/08\/dsc8223-1-edited-1536x864.jpg 1536w, https:\/\/rote-rueben.de\/wp-content\/uploads\/2025\/08\/dsc8223-1-edited-2048x1152.jpg 2048w\" sizes=\"auto, (max-width: 2144px) 100vw, 2144px\" \/><\/figure>\n\n\n\n<p><\/p>\n\n\n\n<p class=\"has-text-align-left\">Unsere Elterninitiative Rote R\u00fcben e.V. gr\u00fcndete sich Ende der achtziger Jahre. Die R\u00e4ume befinden sich in der \u201ePasinger Fabrik\u201c, dem kulturellen Zentrum im M\u00fcnchner Westen, direkt an der S-Bahnstation Pasing.<\/p>\n\n\n\n<p class=\"has-text-align-left\">Die kleine Gruppe von 16 Kindern, betreut von drei Bezugspersonen, bietet eine famili\u00e4re und geborgene Atmosph\u00e4re. Wichtig ist uns ein enges Miteinander zwischen Bezugspersonen, Eltern und Kindern.<\/p>\n\n\n\n<p class=\"has-text-align-left\">Im Mittelpunkt unseres Betreuungskonzepts steht der Respekt vor dem Wesen der Kinder. Jedes Kind hat ein Recht darauf, dass seine Bed\u00fcrfnisse ernst genommen werden. Bei den Roten R\u00fcben gibt es keine Vorgaben, was ein Kind k\u00f6nnen muss. Jedes Kind darf sich nach seinem eigenen Tempo entwickeln.<\/p>\n\n\n\n<p><\/p>\n\n\n\n<p><\/p>\n\n\n\n<h3 class=\"wp-block-heading has-text-align-center has-large-font-size\"><strong><mark style=\"background-color:rgba(0, 0, 0, 0);color:#f21717\" class=\"has-inline-color\">WICHTIGE INFO F\u00dcRS KINDERGARTENJAHR 2025\/2026<\/mark><\/strong><\/h3>\n\n\n\n<div class=\"wp-block-columns is-layout-flex wp-container-core-columns-is-layout-28f84493 wp-block-columns-is-layout-flex\">\n<div class=\"wp-block-column is-layout-flow wp-block-column-is-layout-flow\" style=\"flex-basis:100%\">\n<div class=\"wp-block-media-text is-stacked-on-mobile\" style=\"grid-template-columns:15% auto\"><figure class=\"wp-block-media-text__media\"><img loading=\"lazy\" decoding=\"async\" width=\"726\" height=\"1200\" src=\"http:\/\/rote-rueben.de\/wp-content\/uploads\/2024\/12\/image.png?w=620\" alt=\"\" class=\"wp-image-837 size-full\" srcset=\"https:\/\/rote-rueben.de\/wp-content\/uploads\/2024\/12\/image.png 726w, https:\/\/rote-rueben.de\/wp-content\/uploads\/2024\/12\/image-182x300.png 182w, https:\/\/rote-rueben.de\/wp-content\/uploads\/2024\/12\/image-620x1024.png 620w\" sizes=\"auto, (max-width: 726px) 100vw, 726px\" \/><\/figure><div class=\"wp-block-media-text__content\">\n<p class=\"has-large-font-size\"><strong>F\u00fcr das Kindergartenjahr 2026\/2027 haben wir freie Pl\u00e4tze!<\/strong><br><br><br>Bei Interesse meldet euch hier: &nbsp;<br><a href=\"mailto:neue_eltern@rote-rueben-muenchen.de\">neue_eltern@rote-rueben-muenchen.de&nbsp;<\/a><\/p>\n\n\n\n<p><\/p>\n<\/div><\/div>\n<\/div>\n<\/div>\n\n\n\n<h5 class=\"wp-block-heading has-text-align-center\" id=\"wir-stellen-ein\"><a href=\"https:\/\/roteruebenpasing.wordpress.com\/impressum\/\">Impressum<\/a><\/h5>\n\n\n\n<p><\/p>\n\n\n\n<p><\/p>\n\n\n\n<div class=\"wp-block-columns are-vertically-aligned-top is-layout-flex wp-container-core-columns-is-layout-28f84493 wp-block-columns-is-layout-flex\">\n<div class=\"wp-block-column is-vertically-aligned-top is-layout-flow wp-block-column-is-layout-flow\" style=\"flex-basis:100%\">\n<div class=\"wp-block-columns is-layout-flex wp-container-core-columns-is-layout-28f84493 wp-block-columns-is-layout-flex\">\n<div class=\"wp-block-column is-layout-flow wp-block-column-is-layout-flow\" style=\"flex-basis:100%\">\n<div class=\"wp-block-group is-content-justification-center is-nowrap is-layout-flex wp-container-core-group-is-layout-23441af8 wp-block-group-is-layout-flex\">\n<div class=\"wp-block-group is-content-justification-center is-nowrap is-layout-flex wp-container-core-group-is-layout-23441af8 wp-block-group-is-layout-flex\">\n<div class=\"wp-block-group is-content-justification-center is-nowrap is-layout-flex wp-container-core-group-is-layout-23441af8 wp-block-group-is-layout-flex\">\n<figure class=\"wp-block-image size-full is-resized\"><img loading=\"lazy\" decoding=\"async\" width=\"731\" height=\"367\" src=\"https:\/\/rote-rueben.de\/wp-content\/uploads\/2025\/10\/image-2.png\" alt=\"\" class=\"wp-image-968\" style=\"width:203px;height:auto\" srcset=\"https:\/\/rote-rueben.de\/wp-content\/uploads\/2025\/10\/image-2.png 731w, https:\/\/rote-rueben.de\/wp-content\/uploads\/2025\/10\/image-2-300x151.png 300w\" sizes=\"auto, (max-width: 731px) 100vw, 731px\" \/><\/figure>\n\n\n\n<figure class=\"wp-block-image size-full is-resized\"><img loading=\"lazy\" decoding=\"async\" width=\"591\" height=\"273\" src=\"https:\/\/rote-rueben.de\/wp-content\/uploads\/2025\/10\/image-3.png\" alt=\"\" class=\"wp-image-966\" style=\"width:189px;height:auto\" srcset=\"https:\/\/rote-rueben.de\/wp-content\/uploads\/2025\/10\/image-3.png 591w, https:\/\/rote-rueben.de\/wp-content\/uploads\/2025\/10\/image-3-300x139.png 300w\" sizes=\"auto, (max-width: 591px) 100vw, 591px\" \/><\/figure>\n<\/div>\n<\/div>\n<\/div>\n<\/div>\n<\/div>\n<\/div>\n<\/div>\n\n\n\n<p><\/p>\n","protected":false},"excerpt":{"rendered":"<p>Unsere Elterninitiative Rote R\u00fcben e.V. gr\u00fcndete sich Ende der achtziger Jahre. Die R\u00e4ume befinden sich in der \u201ePasinger Fabrik\u201c, dem kulturellen Zentrum im M\u00fcnchner Westen, direkt an der S-Bahnstation Pasing. Die kleine Gruppe von 16 Kindern, betreut von drei Bezugspersonen, bietet eine famili\u00e4re und geborgene Atmosph\u00e4re. Wichtig ist uns ein enges Miteinander zwischen Bezugspersonen, Eltern [&hellip;]<\/p>\n","protected":false},"author":1,"featured_media":0,"parent":0,"menu_order":1,"comment_status":"closed","ping_status":"closed","template":"","meta":{"footnotes":""},"class_list":["post-913","page","type-page","status-publish","hentry"],"_links":{"self":[{"href":"https:\/\/rote-rueben.de\/home\/wp-json\/wp\/v2\/pages\/913","targetHints":{"allow":["GET"]}}],"collection":[{"href":"https:\/\/rote-rueben.de\/home\/wp-json\/wp\/v2\/pages"}],"about":[{"href":"https:\/\/rote-rueben.de\/home\/wp-json\/wp\/v2\/types\/page"}],"author":[{"embeddable":true,"href":"https:\/\/rote-rueben.de\/home\/wp-json\/wp\/v2\/users\/1"}],"replies":[{"embeddable":true,"href":"https:\/\/rote-rueben.de\/home\/wp-json\/wp\/v2\/comments?post=913"}],"version-history":[{"count":10,"href":"https:\/\/rote-rueben.de\/home\/wp-json\/wp\/v2\/pages\/913\/revisions"}],"predecessor-version":[{"id":970,"href":"https:\/\/rote-rueben.de\/home\/wp-json\/wp\/v2\/pages\/913\/revisions\/970"}],"wp:attachment":[{"href":"https:\/\/rote-rueben.de\/home\/wp-json\/wp\/v2\/media?parent=913"}],"curies":[{"name":"wp","href":"https:\/\/api.w.org\/{rel}","templated":true}]}}