{"id":91,"date":"2019-09-26T20:31:13","date_gmt":"2019-09-26T18:31:13","guid":{"rendered":"https:\/\/roteruebenpasing.wordpress.com\/?page_id=91"},"modified":"2025-10-11T18:49:08","modified_gmt":"2025-10-11T18:49:08","slug":"team","status":"publish","type":"page","link":"http:\/\/rote-rueben.de\/home\/team\/","title":{"rendered":"Team"},"content":{"rendered":"\n<p>Unser p\u00e4dagogisches Team besteht aus vier Betreuungspersonen. Das Ziel unseres p\u00e4dagogischen Handelns ist es, Kinder in ihrer pers\u00f6nlichen Entwicklung respekt &#8211; und liebevoll zu begleiten. Jedes Kind bekommt von uns den Raum und die Zeit, sich im ganz eigenen Tempo zu entwickeln.<\/p>\n\n\n\n<p>Ein kooperativer, offener und respektvoller Umgang auf Basis von N\u00e4he, Vertrautheit und wertsch\u00e4tzender Kommunikation zwischen Kindern, Familien und P\u00e4dagogen ist uns sehr wichtig.<\/p>\n\n\n\n<p>In den regelm\u00e4\u00dfigen Teamsitzungen werden die p\u00e4dagogisch-organisatorischen Aspekte des Kindergartenalltags erarbeitet, sowie die eigene p\u00e4dagogische Haltung reflektiert. Wir betrachten unsere Arbeit als Lernprozess, der Reflexion und Selbstkritik erfordert. Die kontinuierlichen Weiterbildungen in verschiedenen Bereichen der P\u00e4dagogik sind ein wichtiger Bestandteil unserer p\u00e4dagogischen Professionalit\u00e4t.<\/p>\n\n\n\n<figure class=\"wp-block-image size-large\"><img loading=\"lazy\" decoding=\"async\" width=\"2048\" height=\"1536\" src=\"http:\/\/rote-rueben.de\/wp-content\/uploads\/2025\/07\/team.jpeg?w=750\" alt=\"\" class=\"wp-image-911\" srcset=\"http:\/\/rote-rueben.de\/wp-content\/uploads\/2025\/07\/team.jpeg 2048w, http:\/\/rote-rueben.de\/wp-content\/uploads\/2025\/07\/team-300x225.jpeg 300w, http:\/\/rote-rueben.de\/wp-content\/uploads\/2025\/07\/team-1024x768.jpeg 1024w, http:\/\/rote-rueben.de\/wp-content\/uploads\/2025\/07\/team-768x576.jpeg 768w, http:\/\/rote-rueben.de\/wp-content\/uploads\/2025\/07\/team-1536x1152.jpeg 1536w\" sizes=\"auto, (max-width: 2048px) 100vw, 2048px\" \/><figcaption class=\"wp-element-caption\">v.l. Hilke, Barbara, Suzana und Ali <\/figcaption><\/figure>\n\n\n\n<p><\/p>\n\n\n\n<div style=\"height:0px\" aria-hidden=\"true\" class=\"wp-block-spacer desktop-only\"><\/div>\n\n\n\n<h2 class=\"wp-block-heading\" id=\"ali\">Ali<\/h2>\n\n\n\n<p>Mein Name ist Alexandra (Ali). Ich habe meine Ausbildung zur staatlich anerkannten Erzieherin im September 2013 abgeschlossen. Nachdem ich anschlie\u00dfend drei Jahre Berufserfahrung als Gruppenleitung und stellvertretende Leitung gesammelt habe, hat mich mein beruflicher Weg im Oktober 2016 zu den Roten R\u00fcben gef\u00fchrt, wo ich mich in famili\u00e4rer Atmosph\u00e4re und mit einem kompetenten Team, als p\u00e4dagogische Leitung sehr wohl f\u00fchle.<\/p>\n\n\n\n<p>Ich bin ein lebensfroher Mensch, der gerne und viel Zeit an der frischen Luft verbringt und f\u00fcr (fast) jeden Spa\u00df zu haben ist \ud83d\ude09<\/p>\n\n\n\n<p>Neben dem Freispiel, dem w\u00f6chentlichen Waldtag in die Aubinger Lohe, der Vorschule und zahlreichen Bastelangeboten, ist das regelm\u00e4\u00dfige \u201eKinderkochen\u201c ein Schwerpunkt des p\u00e4dagogischen Alltags bei den R\u00fcben, welches von mir mit gro\u00dfer Begeisterung begleitet wird.&nbsp;<\/p>\n\n\n\n<p>Es ist eine gro\u00dfe Freude, die Kinder in diesen entscheidenden Jahren ihres jungen Lebens als St\u00fctze und Bezugsperson begleiten zu d\u00fcrfen und ihnen wundersch\u00f6ne Kindergartenjahre zu erm\u00f6glichen.<\/p>\n\n\n\n<p><\/p>\n\n\n\n<h2 class=\"wp-block-heading\" id=\"ali\">Suzana<\/h2>\n\n\n\n<p>Ich hei\u00dfe Suzana und bin seit Januar 2024 als Erzieherin bei den Roten R\u00fcben t\u00e4tig. Ich habe mein Studium im Jahr 2008 in Bosnien beendet und habe dort bis 2015 in einer Schule als Lehrerin gearbeitet. In Augsburg habe ich meine Weiterbildung als Erzieherin erfolgreich abgeschlossen. Ich bin auch selbst Mutter von zwei tollen Kindern.<\/p>\n\n\n\n<p>Bei den Roten R\u00fcben begleite ich die Vorschulkinder im letzten Kindergartenjahr, f\u00f6rdere sie in der Resilienz im p\u00e4dagogischen Alltag und mache mit der ganzen Gruppe regelm\u00e4\u00dfig Yoga. Ich liebe es den Kindern zuzuh\u00f6ren, sie im Freispiel zu begleiten, mit ihnen die Natur zu entdecken und ich habe immer Lust auf Ausfl\u00fcge!<\/p>\n\n\n\n<p>Ich bin ein sehr empathischer und hilfsbereiter Mensch, der sehr gerne backt, Sport macht und am meisten verbringe ich die Zeit mit meiner Familie.&nbsp;<\/p>\n\n\n\n<p><\/p>\n\n\n\n<h2 class=\"wp-block-heading\" id=\"ali\">Barbara<\/h2>\n\n\n\n<p>Ich bin Barbara und seit September 2024 Teil des Teams der Roten R\u00fcben und freue mich sehr, jeden Tag mit den Kindern die Welt zu entdecken, sie zu begleiten, zu unterst\u00fctzen und gemeinsam mit ihnen zu wachsen. Geboren in Italien, lebe ich seit meinem zehnten Lebensjahr in M\u00fcnchen &#8211; hier bin ich also gro\u00df geworden. Meine Ausbildung zur staatlich gepr\u00fcften Kinderpflegerin habe ich ebenfalls in M\u00fcnchen absolviert und im Juli 2024 erfolgreich abgeschlossen.<\/p>\n\n\n\n<p>Als Mama von zwei Kindern bringe ich neben meiner Ausbildung auch viel pers\u00f6nliche Erfahrung, Geduld und Herz in meine Arbeit ein. Es ist mir wichtig, eine liebevolle, wertsch\u00e4tzende Umgebung zu schaffen, in der sich Kinder sicher und geborgen f\u00fchlen und ihre Pers\u00f6nlichkeit frei entfalten k\u00f6nnen. Singen und Basteln sind meine Leidenschaft. Ich spiele Rollenspiele mit den Kindern und denke mir gerne Geschichten aus.&nbsp; Ich spreche Deutsch und Italienisch &#8211; und bringe gerne auch ein St\u00fcck italienische Lebensfreude mit in den Kita-Alltag.<\/p>\n\n\n\n<p><\/p>\n\n\n\n<h2 class=\"wp-block-heading\" id=\"ali\">Hilke<\/h2>\n\n\n\n<p>Ich bin Hilke und seit 2021 bei den R\u00fcben. Ich bin immer freitags und bei Bedarf bei den Kindern. Am liebsten spielen die Kinder Rollenspiele oder kleine Theaterst\u00fccke mit mir. Auch habe ich oft etliche B\u00fccher von meinen bereits gro\u00dfen Kindern dabei, die ich gerne vorlese. Wenn wir drau\u00dfen spielen, bin ich f\u00fcr Fu\u00dfball oder Fangen eingeplant. Und auf dem gro\u00dfen Sandspielplatz kann man&nbsp;die tollsten Sachen bauen.<\/p>\n\n\n\n<p>2021 habe ich meine Ausbildung als Kindertagespflegeperson abgeschlossen. Ab September starte ich eine externe Ausbildung als Erzieherin in der katholischen Fachakademie in M\u00fcnchen und werde alle neuen Impulse und Ideen gerne den R\u00fcben weitergeben. Die Arbeit bei den roten R\u00fcben ist in einem guten, harmonischen Team und mit guter Elternarbeit sehr sch\u00f6n und unkompliziert und man kann sich auf jeden Arbeitstag freuen.<\/p>\n\n\n\n<p><\/p>\n","protected":false},"excerpt":{"rendered":"<p>Unser p\u00e4dagogisches Team besteht aus vier Betreuungspersonen. Das Ziel unseres p\u00e4dagogischen Handelns ist es, Kinder in ihrer pers\u00f6nlichen Entwicklung respekt &#8211; und liebevoll zu begleiten. Jedes Kind bekommt von uns den Raum und die Zeit, sich im ganz eigenen Tempo zu entwickeln. Ein kooperativer, offener und respektvoller Umgang auf Basis von N\u00e4he, Vertrautheit und wertsch\u00e4tzender [&hellip;]<\/p>\n","protected":false},"author":1,"featured_media":0,"parent":0,"menu_order":0,"comment_status":"closed","ping_status":"closed","template":"","meta":{"footnotes":""},"class_list":["post-91","page","type-page","status-publish","hentry"],"_links":{"self":[{"href":"http:\/\/rote-rueben.de\/home\/wp-json\/wp\/v2\/pages\/91","targetHints":{"allow":["GET"]}}],"collection":[{"href":"http:\/\/rote-rueben.de\/home\/wp-json\/wp\/v2\/pages"}],"about":[{"href":"http:\/\/rote-rueben.de\/home\/wp-json\/wp\/v2\/types\/page"}],"author":[{"embeddable":true,"href":"http:\/\/rote-rueben.de\/home\/wp-json\/wp\/v2\/users\/1"}],"replies":[{"embeddable":true,"href":"http:\/\/rote-rueben.de\/home\/wp-json\/wp\/v2\/comments?post=91"}],"version-history":[{"count":3,"href":"http:\/\/rote-rueben.de\/home\/wp-json\/wp\/v2\/pages\/91\/revisions"}],"predecessor-version":[{"id":965,"href":"http:\/\/rote-rueben.de\/home\/wp-json\/wp\/v2\/pages\/91\/revisions\/965"}],"wp:attachment":[{"href":"http:\/\/rote-rueben.de\/home\/wp-json\/wp\/v2\/media?parent=91"}],"curies":[{"name":"wp","href":"https:\/\/api.w.org\/{rel}","templated":true}]}}