{"id":65,"date":"2019-09-24T21:34:48","date_gmt":"2019-09-24T19:34:48","guid":{"rendered":"https:\/\/roteruebenpasing.wordpress.com\/?page_id=65"},"modified":"2019-09-24T21:34:48","modified_gmt":"2019-09-24T19:34:48","slug":"aktivitaeten","status":"publish","type":"page","link":"http:\/\/rote-rueben.de\/home\/aktivitaeten\/","title":{"rendered":"Aktivit\u00e4ten"},"content":{"rendered":"\n<p class=\"has-text-align-left\">Die Roten R\u00fcben legen sehr viel Wert auf das freie Spiel. Daneben  gibt es aber nat\u00fcrlich eine breite Palette von Angeboten und gemeinsamen  Aktivit\u00e4ten. <\/p>\n\n\n\n<div style=\"height:32px;\" aria-hidden=\"true\" class=\"wp-block-spacer desktop-only\"><\/div>\n\n\n\n<div class=\"wp-block-columns alignwide has-3-columns is-layout-flex wp-container-core-columns-is-layout-28f84493 wp-block-columns-is-layout-flex\">\n<div class=\"wp-block-column is-layout-flow wp-block-column-is-layout-flow\">\n<div class=\"wp-block-image is-style-circle-mask\"><figure class=\"aligncenter size-large\"><img loading=\"lazy\" decoding=\"async\" width=\"2500\" height=\"2500\" src=\"http:\/\/rote-rueben.de\/wp-content\/uploads\/2019\/09\/img_0689b.jpg?w=740\" alt=\"\" class=\"wp-image-164\" srcset=\"http:\/\/rote-rueben.de\/wp-content\/uploads\/2019\/09\/img_0689b.jpg 2500w, http:\/\/rote-rueben.de\/wp-content\/uploads\/2019\/09\/img_0689b-300x300.jpg 300w, http:\/\/rote-rueben.de\/wp-content\/uploads\/2019\/09\/img_0689b-1024x1024.jpg 1024w, http:\/\/rote-rueben.de\/wp-content\/uploads\/2019\/09\/img_0689b-150x150.jpg 150w, http:\/\/rote-rueben.de\/wp-content\/uploads\/2019\/09\/img_0689b-768x768.jpg 768w, http:\/\/rote-rueben.de\/wp-content\/uploads\/2019\/09\/img_0689b-1536x1536.jpg 1536w, http:\/\/rote-rueben.de\/wp-content\/uploads\/2019\/09\/img_0689b-2048x2048.jpg 2048w\" sizes=\"auto, (max-width: 2500px) 100vw, 2500px\" \/><\/figure><\/div>\n\n\n\n<h3 class=\"has-text-align-left wp-block-heading\">Kinderkochen<\/h3>\n\n\n\n<p class=\"has-small-font-size\">Vierzehnt\u00e4gig bestimmt ein Kind den Speiseplan und kocht zusammen mit zwei anderen f\u00fcr alle das Mittagessen.<\/p>\n<\/div>\n\n\n\n<div class=\"wp-block-column is-layout-flow wp-block-column-is-layout-flow\">\n<div class=\"wp-block-image is-style-circle-mask\"><figure class=\"aligncenter size-large\"><img decoding=\"async\" src=\"http:\/\/rote-rueben.de\/wp-content\/uploads\/2020\/06\/img_5011s.jpg?w=750\" alt=\"\" class=\"wp-image-220\" \/><\/figure><\/div>\n\n\n\n<h3 class=\"has-text-align-left wp-block-heading\">Waldtag<\/h3>\n\n\n\n<p class=\"has-small-font-size\">Um die Natur mit allen Sinnen zu erfahren, werden aus den Roten R\u00fcben  einmal in der Woche Waldkinder. Gemeinsam mit den Bezugspersonen fahren  sie bei jedem Wetter f\u00fcr den ganzen Kindergartentag in die Aubinger  Lohe. <\/p>\n<\/div>\n\n\n\n<div class=\"wp-block-column is-layout-flow wp-block-column-is-layout-flow\">\n<div class=\"wp-block-image is-style-circle-mask\"><figure class=\"aligncenter size-large\"><img loading=\"lazy\" decoding=\"async\" width=\"1424\" height=\"1424\" src=\"http:\/\/rote-rueben.de\/wp-content\/uploads\/2019\/09\/dsc8209b.jpg?w=740\" alt=\"\" class=\"wp-image-163\" srcset=\"http:\/\/rote-rueben.de\/wp-content\/uploads\/2019\/09\/dsc8209b.jpg 1424w, http:\/\/rote-rueben.de\/wp-content\/uploads\/2019\/09\/dsc8209b-300x300.jpg 300w, http:\/\/rote-rueben.de\/wp-content\/uploads\/2019\/09\/dsc8209b-1024x1024.jpg 1024w, http:\/\/rote-rueben.de\/wp-content\/uploads\/2019\/09\/dsc8209b-150x150.jpg 150w, http:\/\/rote-rueben.de\/wp-content\/uploads\/2019\/09\/dsc8209b-768x768.jpg 768w\" sizes=\"auto, (max-width: 1424px) 100vw, 1424px\" \/><\/figure><\/div>\n\n\n\n<h3 class=\"has-text-align-left wp-block-heading\">Musik<\/h3>\n\n\n\n<p class=\"has-small-font-size\"> Die Musik spielt in unserem Alltag eine wichtige Rolle. Oft wird sie im Morgenkreis als Ritual oder Spiel pr\u00e4sentiert, aber auch in Form von freier Improvisation in unserer Musikecke. Andere Male findet Musik auf einer ganz unerwarteten Art und Weise statt; wenn sich die Kinder w\u00e4hrend unserer Spazierg\u00e4nge Lieder ausdenken oder wenn wir uns auf Klangentdeckungsreise in der Umwelt machen.<\/p>\n<\/div>\n<\/div>\n\n\n\n<div class=\"wp-block-columns alignwide has-3-columns is-layout-flex wp-container-core-columns-is-layout-28f84493 wp-block-columns-is-layout-flex\">\n<div class=\"wp-block-column is-layout-flow wp-block-column-is-layout-flow\">\n<div class=\"wp-block-image is-style-circle-mask\"><figure class=\"aligncenter size-large\"><img loading=\"lazy\" decoding=\"async\" width=\"960\" height=\"960\" src=\"http:\/\/rote-rueben.de\/wp-content\/uploads\/2020\/06\/img_5010s.jpg?w=750\" alt=\"\" class=\"wp-image-219\" srcset=\"http:\/\/rote-rueben.de\/wp-content\/uploads\/2020\/06\/img_5010s.jpg 960w, http:\/\/rote-rueben.de\/wp-content\/uploads\/2020\/06\/img_5010s-300x300.jpg 300w, http:\/\/rote-rueben.de\/wp-content\/uploads\/2020\/06\/img_5010s-150x150.jpg 150w, http:\/\/rote-rueben.de\/wp-content\/uploads\/2020\/06\/img_5010s-768x768.jpg 768w\" sizes=\"auto, (max-width: 960px) 100vw, 960px\" \/><\/figure><\/div>\n\n\n\n<h3 class=\"has-text-align-left wp-block-heading\">Kultur<\/h3>\n\n\n\n<p class=\"has-small-font-size\">Mit den Hausschuhen ins Theater \u2026 Der Standort in der \u201ePasinger  Fabrik\u201c bietet die M\u00f6glichkeit, verschiedene kulturelle Angebote des  Hauses zu nutzen. Daneben werden auch Ausfl\u00fcge in andere M\u00fcnchner  Theater unternommen.<\/p>\n<\/div>\n\n\n\n<div class=\"wp-block-column is-layout-flow wp-block-column-is-layout-flow\">\n<div class=\"wp-block-image is-style-circle-mask\"><figure class=\"aligncenter size-large\"><img loading=\"lazy\" decoding=\"async\" width=\"1008\" height=\"1008\" src=\"http:\/\/rote-rueben.de\/wp-content\/uploads\/2019\/09\/dsc7704a.jpg?w=740\" alt=\"\" class=\"wp-image-162\" srcset=\"http:\/\/rote-rueben.de\/wp-content\/uploads\/2019\/09\/dsc7704a.jpg 1008w, http:\/\/rote-rueben.de\/wp-content\/uploads\/2019\/09\/dsc7704a-300x300.jpg 300w, http:\/\/rote-rueben.de\/wp-content\/uploads\/2019\/09\/dsc7704a-150x150.jpg 150w, http:\/\/rote-rueben.de\/wp-content\/uploads\/2019\/09\/dsc7704a-768x768.jpg 768w\" sizes=\"auto, (max-width: 1008px) 100vw, 1008px\" \/><\/figure><\/div>\n\n\n\n<h3 class=\"has-text-align-left wp-block-heading\">Fahrten &amp; Feiern<\/h3>\n\n\n\n<p class=\"has-small-font-size\">Bei den Roten R\u00fcben werden die jahreszeitlichen Feste und Geburtstage gemeinsam gefeiert.   Einmal j\u00e4hrlich haben die Kinder die M\u00f6glichkeit, gemeinsam mit den Bezugspersonen f\u00fcr drei Tage auf einen Bauernhof zu fahren. Immer zu Beginn des Kindergartenjahrs findet ein gemeinsames  Eltern-Kind-Wochenende statt, bei dem sich alle Eltern und Kinder  kennenlernen k\u00f6nnen. <\/p>\n<\/div>\n\n\n\n<div class=\"wp-block-column is-layout-flow wp-block-column-is-layout-flow\">\n<div class=\"wp-block-image is-style-circle-mask\"><figure class=\"aligncenter size-large\"><img decoding=\"async\" src=\"http:\/\/rote-rueben.de\/wp-content\/uploads\/2019\/09\/img_9482b.jpg?w=740\" alt=\"\" class=\"wp-image-166\" \/><\/figure><\/div>\n\n\n\n<h3 class=\"has-text-align-left wp-block-heading\">Vorschule<\/h3>\n\n\n\n<p class=\"has-small-font-size\">Zuk\u00fcnftige Schulkinder treffen sich in der Regel einmal pro Woche zu  einer Vorschuleinheit, die von den Vorsch\u00fclern selbst gestaltet wird.  Themen, die die Kinder mitbringen, werden spielerisch und kreativ bearbeitet. Um Informationen und Wissen zu erlangen, finden  unter anderem immer wieder Ausfl\u00fcge in die Stadtbibliothek statt. <\/p>\n<\/div>\n<\/div>\n\n\n\n<p><\/p>\n","protected":false},"excerpt":{"rendered":"<p>Die Roten R\u00fcben legen sehr viel Wert auf das freie Spiel. Daneben gibt es aber nat\u00fcrlich eine breite Palette von Angeboten und gemeinsamen Aktivit\u00e4ten. Kinderkochen Vierzehnt\u00e4gig bestimmt ein Kind den Speiseplan und kocht zusammen mit zwei anderen f\u00fcr alle das Mittagessen. Waldtag Um die Natur mit allen Sinnen zu erfahren, werden aus den Roten R\u00fcben [&hellip;]<\/p>\n","protected":false},"author":1,"featured_media":0,"parent":0,"menu_order":0,"comment_status":"closed","ping_status":"closed","template":"","meta":{"footnotes":""},"class_list":["post-65","page","type-page","status-publish","hentry"],"_links":{"self":[{"href":"http:\/\/rote-rueben.de\/home\/wp-json\/wp\/v2\/pages\/65","targetHints":{"allow":["GET"]}}],"collection":[{"href":"http:\/\/rote-rueben.de\/home\/wp-json\/wp\/v2\/pages"}],"about":[{"href":"http:\/\/rote-rueben.de\/home\/wp-json\/wp\/v2\/types\/page"}],"author":[{"embeddable":true,"href":"http:\/\/rote-rueben.de\/home\/wp-json\/wp\/v2\/users\/1"}],"replies":[{"embeddable":true,"href":"http:\/\/rote-rueben.de\/home\/wp-json\/wp\/v2\/comments?post=65"}],"version-history":[{"count":0,"href":"http:\/\/rote-rueben.de\/home\/wp-json\/wp\/v2\/pages\/65\/revisions"}],"wp:attachment":[{"href":"http:\/\/rote-rueben.de\/home\/wp-json\/wp\/v2\/media?parent=65"}],"curies":[{"name":"wp","href":"https:\/\/api.w.org\/{rel}","templated":true}]}}