{"id":100,"date":"2019-09-26T21:00:42","date_gmt":"2019-09-26T19:00:42","guid":{"rendered":"https:\/\/roteruebenpasing.wordpress.com\/?page_id=100"},"modified":"2019-09-26T21:00:42","modified_gmt":"2019-09-26T19:00:42","slug":"organisation","status":"publish","type":"page","link":"http:\/\/rote-rueben.de\/home\/organisation\/","title":{"rendered":"Organisation"},"content":{"rendered":"\n<p class=\"has-text-align-left\">Die Elterninitiative Rote R\u00fcben e.V. organisiert sich selbst und wird von der Landeshauptstadt M\u00fcnchen gef\u00f6rdert.<\/p>\n\n\n\n<div style=\"height:32px;\" aria-hidden=\"true\" class=\"wp-block-spacer\"><\/div>\n\n\n\n<div class=\"wp-block-media-text alignwide is-stacked-on-mobile is-vertically-aligned-center\"><figure class=\"wp-block-media-text__media\"><img loading=\"lazy\" decoding=\"async\" width=\"1280\" height=\"853\" src=\"http:\/\/rote-rueben.de\/wp-content\/uploads\/2019\/09\/clock-650753_1280.jpg?w=740\" alt=\"\" class=\"wp-image-113 size-full\" srcset=\"http:\/\/rote-rueben.de\/wp-content\/uploads\/2019\/09\/clock-650753_1280.jpg 1280w, http:\/\/rote-rueben.de\/wp-content\/uploads\/2019\/09\/clock-650753_1280-300x200.jpg 300w, http:\/\/rote-rueben.de\/wp-content\/uploads\/2019\/09\/clock-650753_1280-1024x682.jpg 1024w, http:\/\/rote-rueben.de\/wp-content\/uploads\/2019\/09\/clock-650753_1280-768x512.jpg 768w\" sizes=\"auto, (max-width: 1280px) 100vw, 1280px\" \/><\/figure><div class=\"wp-block-media-text__content\">\n<hr class=\"wp-block-separator is-style-wide is-style-wide--1\" \/>\n\n\n\n<h2 class=\"wp-block-heading\">\u00d6ffnungszeiten<\/h2>\n\n\n\n<p class=\"has-dark-gray-color has-text-color has-small-font-size\">Unser Kindergarten ist von Montag bis Freitag in der Zeit von 07.30 Uhr bis 15.00 Uhr ge\u00f6ffnet.<\/p>\n\n\n\n<p class=\"has-text-align-left has-small-font-size\">Am Mittwoch (Waldtag) werden die Kinder von den Eltern um 13.15 Uhr in der Aubinger Lohe oder um 14.00 Uhr am Kindergarten abgeholt. Nach M\u00f6glichkeit werden Fahrgemeinschaften gebildet.<\/p>\n\n\n\n<hr class=\"wp-block-separator is-style-wide is-style-wide--2\" \/>\n\n\n\n<p><\/p>\n<\/div><\/div>\n\n\n\n<div style=\"height:20px;\" aria-hidden=\"true\" class=\"wp-block-spacer\"><\/div>\n\n\n\n<div class=\"wp-block-media-text alignwide is-stacked-on-mobile is-vertically-aligned-center\"><figure class=\"wp-block-media-text__media\"><img loading=\"lazy\" decoding=\"async\" width=\"1280\" height=\"853\" src=\"http:\/\/rote-rueben.de\/wp-content\/uploads\/2019\/09\/money-515058_1280.jpg?w=740\" alt=\"\" class=\"wp-image-114 size-full\" srcset=\"http:\/\/rote-rueben.de\/wp-content\/uploads\/2019\/09\/money-515058_1280.jpg 1280w, http:\/\/rote-rueben.de\/wp-content\/uploads\/2019\/09\/money-515058_1280-300x200.jpg 300w, http:\/\/rote-rueben.de\/wp-content\/uploads\/2019\/09\/money-515058_1280-1024x682.jpg 1024w, http:\/\/rote-rueben.de\/wp-content\/uploads\/2019\/09\/money-515058_1280-768x512.jpg 768w\" sizes=\"auto, (max-width: 1280px) 100vw, 1280px\" \/><\/figure><div class=\"wp-block-media-text__content\">\n<hr class=\"wp-block-separator is-style-wide is-style-wide--3\" \/>\n\n\n\n<h2 class=\"wp-block-heading\">Kosten<\/h2>\n\n\n\n<p class=\"has-dark-gray-color has-text-color has-small-font-size\"> <strong>Der Kindergarten erhebt f\u00fcr alle M\u00fcnchner Kinder kein Elternentgelt. <\/strong>Es gilt die unter\u00a0 auf den Internetseiten der Stadt M\u00fcnchen ver\u00f6ffentlichte Entgelttabelle gestaffelt nach Buchungszeit:<\/p>\n\n\n\n<figure class=\"wp-block-table is-style-stripes\"><table><tbody><tr><td>Buchungszeit<\/td><td>Elternentgelt<\/td><\/tr><tr><td>3-4 h<\/td><td>38 \u20ac<\/td><\/tr><tr><td>4-5 h<\/td><td>48 \u20ac<\/td><\/tr><tr><td>5-6 h<\/td><td>58 \u20ac<\/td><\/tr><tr><td>6-7 h<\/td><td>69 \u20ac<\/td><\/tr><tr><td>7-8 h<\/td><td>79 \u20ac<\/td><\/tr><\/tbody><\/table><\/figure>\n\n\n\n<p class=\"has-small-font-size\">Aufgrund des Beitragszuschusses des Freistaats Bayern nach Art. 23 Absatz 3 BayKiBiG entf\u00e4llt die Zahlung dieses Elternentgelts. F\u00fcr Gastkinder, die ihren Wohnort au\u00dferhalb M\u00fcnchens haben, gelten abweichend h\u00f6here monatliche Elternentgelte, die ebenfalls auf den Internetseiten der Stadt M\u00fcnchen ver\u00f6ffentlicht sind und gegebenenfalls mit dem Beitragszuschuss des Freistaats Bayern nach Art. 23 Absatz 3 BayKiBiG\u00a0 verrechnet werden.<strong>Die H\u00f6he des Essensgelds sowie des Vereinsbeitrags legt die Mitgliederversammlung fest und ver\u00f6ffentlicht sie in der Beitragsordnung.<\/strong><\/p>\n<\/div><\/div>\n\n\n\n<div style=\"height:20px;\" aria-hidden=\"true\" class=\"wp-block-spacer\"><\/div>\n\n\n\n<div class=\"wp-block-media-text alignwide is-stacked-on-mobile is-vertically-aligned-center\"><figure class=\"wp-block-media-text__media\"><img loading=\"lazy\" decoding=\"async\" width=\"1280\" height=\"911\" src=\"http:\/\/rote-rueben.de\/wp-content\/uploads\/2019\/09\/vegetables-1584999_1280.jpg?w=740\" alt=\"\" class=\"wp-image-116 size-full\" srcset=\"http:\/\/rote-rueben.de\/wp-content\/uploads\/2019\/09\/vegetables-1584999_1280.jpg 1280w, http:\/\/rote-rueben.de\/wp-content\/uploads\/2019\/09\/vegetables-1584999_1280-300x214.jpg 300w, http:\/\/rote-rueben.de\/wp-content\/uploads\/2019\/09\/vegetables-1584999_1280-1024x729.jpg 1024w, http:\/\/rote-rueben.de\/wp-content\/uploads\/2019\/09\/vegetables-1584999_1280-768x547.jpg 768w\" sizes=\"auto, (max-width: 1280px) 100vw, 1280px\" \/><\/figure><div class=\"wp-block-media-text__content\">\n<hr class=\"wp-block-separator is-style-wide is-style-wide--4\" \/>\n\n\n\n<h2 class=\"wp-block-heading\">Essen<\/h2>\n\n\n\n<p class=\"has-dark-gray-color has-text-color has-normal-font-size\">Das Essen ist vegetarisch und gr\u00f6\u00dftenteils biologisch. Am Vormittag erhalten die Kinder eine kleine Brotzeit, die von den Bezugspersonen f\u00fcr alle Kinder zubereitet wird. Das Mittagessen wird von den Eltern im Wechsel selbst zubereitet.<\/p>\n\n\n\n<hr class=\"wp-block-separator is-style-wide is-style-wide--5\" \/>\n\n\n\n<p><\/p>\n<\/div><\/div>\n\n\n\n<div style=\"height:20px;\" aria-hidden=\"true\" class=\"wp-block-spacer\"><\/div>\n\n\n\n<div class=\"wp-block-media-text alignwide is-stacked-on-mobile is-vertically-aligned-center\"><figure class=\"wp-block-media-text__media\"><img loading=\"lazy\" decoding=\"async\" width=\"1280\" height=\"853\" src=\"http:\/\/rote-rueben.de\/wp-content\/uploads\/2019\/09\/tool-384740_1280.jpg?w=740\" alt=\"\" class=\"wp-image-115 size-full\" srcset=\"http:\/\/rote-rueben.de\/wp-content\/uploads\/2019\/09\/tool-384740_1280.jpg 1280w, http:\/\/rote-rueben.de\/wp-content\/uploads\/2019\/09\/tool-384740_1280-300x200.jpg 300w, http:\/\/rote-rueben.de\/wp-content\/uploads\/2019\/09\/tool-384740_1280-1024x682.jpg 1024w, http:\/\/rote-rueben.de\/wp-content\/uploads\/2019\/09\/tool-384740_1280-768x512.jpg 768w\" sizes=\"auto, (max-width: 1280px) 100vw, 1280px\" \/><\/figure><div class=\"wp-block-media-text__content\">\n<hr class=\"wp-block-separator is-style-wide is-style-wide--6\" \/>\n\n\n\n<h2 class=\"wp-block-heading\">\u00c4mter<\/h2>\n\n\n\n<p class=\"has-dark-gray-color has-text-color has-normal-font-size\">Die Eltern sind verantwortlich f\u00fcr Personal, Finanzen, Einkauf, Reparaturen und einiges mehr. Das Engagement lohnt sich: Eltern k\u00f6nnen ihre Anregungen jederzeit einbringen. Sie nehmen intensiv teil an der Entwicklung ihrer Kinder und gestalten die Roten R\u00fcben mit.<\/p>\n\n\n\n<hr class=\"wp-block-separator is-style-wide is-style-wide--7\" \/>\n\n\n\n<p><\/p>\n<\/div><\/div>\n\n\n\n<p><\/p>\n","protected":false},"excerpt":{"rendered":"<p>Die Elterninitiative Rote R\u00fcben e.V. organisiert sich selbst und wird von der Landeshauptstadt M\u00fcnchen gef\u00f6rdert.<\/p>\n","protected":false},"author":1,"featured_media":0,"parent":0,"menu_order":0,"comment_status":"closed","ping_status":"closed","template":"","meta":{"footnotes":""},"class_list":["post-100","page","type-page","status-publish","hentry"],"_links":{"self":[{"href":"http:\/\/rote-rueben.de\/home\/wp-json\/wp\/v2\/pages\/100","targetHints":{"allow":["GET"]}}],"collection":[{"href":"http:\/\/rote-rueben.de\/home\/wp-json\/wp\/v2\/pages"}],"about":[{"href":"http:\/\/rote-rueben.de\/home\/wp-json\/wp\/v2\/types\/page"}],"author":[{"embeddable":true,"href":"http:\/\/rote-rueben.de\/home\/wp-json\/wp\/v2\/users\/1"}],"replies":[{"embeddable":true,"href":"http:\/\/rote-rueben.de\/home\/wp-json\/wp\/v2\/comments?post=100"}],"version-history":[{"count":0,"href":"http:\/\/rote-rueben.de\/home\/wp-json\/wp\/v2\/pages\/100\/revisions"}],"wp:attachment":[{"href":"http:\/\/rote-rueben.de\/home\/wp-json\/wp\/v2\/media?parent=100"}],"curies":[{"name":"wp","href":"https:\/\/api.w.org\/{rel}","templated":true}]}}